{"id":1910,"date":"2023-07-06T21:38:22","date_gmt":"2023-07-07T00:38:22","guid":{"rendered":"http:\/\/saojudasgyn.com.br\/site\/?page_id=1910"},"modified":"2025-10-01T11:58:42","modified_gmt":"2025-10-01T14:58:42","slug":"inscricoes","status":"publish","type":"page","link":"https:\/\/saojudasgyn.com.br\/site\/inscricoes\/","title":{"rendered":"Inscri\u00e7\u00f5es das Pastorais da Catequese e Crisma"},"content":{"rendered":"<div class=\"wp-block-image\">\n<figure class=\"aligncenter size-large is-resized\"><a href=\"https:\/\/saojudasgyn.com.br\/site\/wp-content\/uploads\/2023\/11\/cris_cat-scaled.jpg\"><img loading=\"lazy\" decoding=\"async\" width=\"1024\" height=\"167\" src=\"https:\/\/saojudasgyn.com.br\/site\/wp-content\/uploads\/2023\/11\/cris_cat-1024x167.jpg\" alt=\"\" class=\"wp-image-2142\" style=\"aspect-ratio:4.995121951219512;width:835px;height:auto\" srcset=\"https:\/\/saojudasgyn.com.br\/site\/wp-content\/uploads\/2023\/11\/cris_cat-1024x167.jpg 1024w, https:\/\/saojudasgyn.com.br\/site\/wp-content\/uploads\/2023\/11\/cris_cat-300x49.jpg 300w, https:\/\/saojudasgyn.com.br\/site\/wp-content\/uploads\/2023\/11\/cris_cat-768x125.jpg 768w, https:\/\/saojudasgyn.com.br\/site\/wp-content\/uploads\/2023\/11\/cris_cat-1536x251.jpg 1536w, https:\/\/saojudasgyn.com.br\/site\/wp-content\/uploads\/2023\/11\/cris_cat-2048x334.jpg 2048w, https:\/\/saojudasgyn.com.br\/site\/wp-content\/uploads\/2023\/11\/cris_cat-368x60.jpg 368w\" sizes=\"(max-width: 1024px) 100vw, 1024px\" \/><\/a><\/figure><\/div>\n\n\n<div class=\"wp-block-contact-form-7-contact-form-selector\"><p class=\"wpcf7-contact-form-not-found\"><strong>Erro:<\/strong> Formul\u00e1rio de contato n\u00e3o encontrado.<\/p><\/div>\n\n\n\n<p><strong>PR\u00c9 &#8211; CATEQUESE E CATEQUESE PRIMEIRA EUCARISTIA<\/strong><br><strong>\u2022 Hor\u00e1rio dos encontros:<\/strong> 2\u00aa f. \u00e0s 18h45 ou S\u00e1bado \u00e0s 16h.<br><strong>\u2022 Idade m\u00ednima 1\u00aa Eucaristia: <\/strong>8 anos.<br><strong>\u2022 Idade m\u00ednima pr\u00e9-catequese: <\/strong>6 anos<\/p>\n\n\n\n<p><strong>CRISMA E PR\u00c9-CRISMA<\/strong><br><strong>\u2022 Hor\u00e1rio dos encontros: <\/strong>Toda quinta-feira das 19h30 \u00e0s 21h<br><strong>\u2022 Idade m\u00ednima: <\/strong>13 anos.<\/p>\n\n\n\n<p><strong>CATEQUESE DE ADULTOS (Batismo, 1\u00aa Comunh\u00e3o e Crisma)<\/strong><br><strong>Hor\u00e1rio dos encontros:<\/strong> Aos s\u00e1bados: 16h.<br><strong>Idade:<\/strong> a partir&nbsp;de&nbsp;21&nbsp;anos.<\/p>\n\n\n\n<blockquote class=\"wp-block-quote is-layout-flow wp-block-quote-is-layout-flow\">\n<p>Importante para Crismandos :<\/p>\n<\/blockquote>\n\n\n\n<p><strong><em>O padrinho de crisma deve:<\/em><\/strong><\/p>\n\n\n\n<ul class=\"wp-block-list\">\n<li>Ensinar e incentivar o afilhado a seguir os ensinamentos de Jesus&nbsp;<\/li>\n\n\n\n<li>Dar testemunho da f\u00e9 do afilhado\u00a0<\/li>\n\n\n\n<li><strong><em>Padrinhos que tem vida conjugal, devem ser casados na Igreja;<\/em><\/strong><\/li>\n\n\n\n<li>Cuidar da perseveran\u00e7a do afilhado na f\u00e9 e na vida crist\u00e3&nbsp;<\/li>\n\n\n\n<li>Ser um exemplo do que significa ser cat\u00f3lico&nbsp;<\/li>\n<\/ul>\n\n\n\n<p><strong><em>A Igreja tem alguns pr\u00e9-requisitos para a escolha do padrinho de crisma, como:<\/em><\/strong><\/p>\n\n\n\n<ul class=\"wp-block-list\">\n<li>Ter idade a partir de 16 anos<\/li>\n\n\n\n<li>Ser cat\u00f3lico e ser crismado<\/li>\n\n\n\n<li>Ter uma vida em conformidade com a f\u00e9<\/li>\n\n\n\n<li><strong><em>Crismando que tem vida conjugal, deve receber o sacramento do Matrim\u00f4nio antes de se crismar.<\/em><\/strong><\/li>\n\n\n\n<li><strong><em>N\u00e3o ser o pai ou a m\u00e3e do afilhado<\/em><\/strong><\/li>\n<\/ul>\n\n\n\n<blockquote class=\"wp-block-quote is-layout-flow wp-block-quote-is-layout-flow\">\n<p>O padrinho de crisma tem a fun\u00e7\u00e3o de&nbsp;ajudar o afilhado a amadurecer na f\u00e9 crist\u00e3, orientando-o durante o processo de prepara\u00e7\u00e3o para o sacramento.<\/p>\n<\/blockquote>\n","protected":false},"excerpt":{"rendered":"<p>PR\u00c9 &#8211; CATEQUESE E CATEQUESE PRIMEIRA EUCARISTIA\u2022 Hor\u00e1rio dos encontros: 2\u00aa f. \u00e0s 18h45 ou S\u00e1bado \u00e0s 16h.\u2022 Idade m\u00ednima 1\u00aa Eucaristia: 8 anos.\u2022 Idade m\u00ednima pr\u00e9-catequese: 6 anos CRISMA E PR\u00c9-CRISMA\u2022 Hor\u00e1rio dos encontros: Toda quinta-feira das 19h30 \u00e0s 21h\u2022 Idade m\u00ednima: 13 anos. CATEQUESE DE ADULTOS (Batismo, 1\u00aa Comunh\u00e3o e Crisma)Hor\u00e1rio dos encontros: [&hellip;]<\/p>\n","protected":false},"author":2,"featured_media":0,"parent":0,"menu_order":0,"comment_status":"closed","ping_status":"closed","template":"","meta":{"saved_in_kubio":false,"footnotes":""},"class_list":["post-1910","page","type-page","status-publish","hentry"],"kubio_ai_page_context":{"short_desc":"","purpose":"general"},"_links":{"self":[{"href":"https:\/\/saojudasgyn.com.br\/site\/wp-json\/wp\/v2\/pages\/1910","targetHints":{"allow":["GET"]}}],"collection":[{"href":"https:\/\/saojudasgyn.com.br\/site\/wp-json\/wp\/v2\/pages"}],"about":[{"href":"https:\/\/saojudasgyn.com.br\/site\/wp-json\/wp\/v2\/types\/page"}],"author":[{"embeddable":true,"href":"https:\/\/saojudasgyn.com.br\/site\/wp-json\/wp\/v2\/users\/2"}],"replies":[{"embeddable":true,"href":"https:\/\/saojudasgyn.com.br\/site\/wp-json\/wp\/v2\/comments?post=1910"}],"version-history":[{"count":34,"href":"https:\/\/saojudasgyn.com.br\/site\/wp-json\/wp\/v2\/pages\/1910\/revisions"}],"predecessor-version":[{"id":2528,"href":"https:\/\/saojudasgyn.com.br\/site\/wp-json\/wp\/v2\/pages\/1910\/revisions\/2528"}],"wp:attachment":[{"href":"https:\/\/saojudasgyn.com.br\/site\/wp-json\/wp\/v2\/media?parent=1910"}],"curies":[{"name":"wp","href":"https:\/\/api.w.org\/{rel}","templated":true}]}}